{"id":440,"date":"2025-09-24T15:44:05","date_gmt":"2025-09-24T20:44:05","guid":{"rendered":"https:\/\/pgenerales.com\/?page_id=440"},"modified":"2025-09-25T17:24:20","modified_gmt":"2025-09-25T22:24:20","slug":"about-us","status":"publish","type":"page","link":"https:\/\/pgenerales.com\/en\/about-us\/","title":{"rendered":"About Us"},"content":{"rendered":"<h1>\n\t\t\tPlasticos Generales\n\t\t<\/h1>\n\t\t\t<p>40 years of excellence, delivering innovative and high-quality plastic packaging solutions.<\/p>\t\t\n\t\t\t\t<img decoding=\"async\" src=\"https:\/\/pgenerales.com\/wp-content\/uploads\/2025\/09\/plasticos-generales-nosotros.webp\" alt=\"plasticos-generales-about-us\" itemprop=\"image\" height=\"736\" width=\"970\" title=\"plasticos-generales-about-us\" onerror=\"this.style.display='none'\" loading='lazy' \/>\n\t\t<h2>\n\t\t\t40 years of innovation and quality in packaging solutions\n\t\t<\/h2>\n\t\t\t<p>Since 1984, a family story of perseverance, technology, and commitment to excellence.<\/p>\t\t\n\t\t<h2>\n\t\t\tThe origin of a commitment\n\t\t<\/h2>\n\t\t\t<p>Nuestra historia comenz\u00f3 en 1984, cuando la familia Siu lleg\u00f3 a Panam\u00e1 con la visi\u00f3n y la perseverancia de fundar una empresa que se convirtiera en un pilar de calidad y confianza en la industria del pl\u00e1stico. Lo que empez\u00f3 en una modesta planta de producci\u00f3n, hoy, gracias a una dedicaci\u00f3n constante, es sin\u00f3nimo de innovaci\u00f3n y avance.La inspiraci\u00f3n fue clara: construir una empresa respetable y confiable, guiada por valores de integridad, responsabilidad social y un profundo respeto por el medio ambiente.<\/p>\t\t\n\t\t\t\t<img decoding=\"async\" src=\"https:\/\/pgenerales.com\/wp-content\/uploads\/2025\/09\/plasticos-generales-aliado-en-empaques.png\" alt=\"plasticos-generales-strategic-partner\" itemprop=\"image\" height=\"461\" width=\"614\" title=\"plasticos-generales-strategic-partner\" onerror=\"this.style.display='none'\" loading='lazy' \/>\n\t\t<h2>\n\t\t\tYour strategic partner in packaging\n\t\t<\/h2>\n\t\t\t<p>Today, Plasticos Generales is more than a manufacturer; we are the strategic partner for your business. We understand that packaging is your brand's first impression. Therefore, our mission is to ensure that this impression is impeccable, by offering custom solutions that range from design consultation to final production. We guide you through every step of the way to improve your existing packaging or to develop a completely new solution from scratch.<\/p>\t\t\n<h2>\n\t\t\tSustainability is not an option, it is our responsibility.\t<\/h2>\n\t\t\t\t<a href=\"https:\/\/www.themanufacturingoutlook.com\/plasticos-generales-s-a-pgsa\"  target=\"_blank\" rel=\"noopener\"  itemprop=\"url\">\n\t\t\t\t<img decoding=\"async\" src=\"https:\/\/pgenerales.com\/wp-content\/uploads\/2025\/09\/top-contract-packaging-services-provider-2023.png\" alt=\"top-contract-packaging-services-provider-2023\" itemprop=\"image\" height=\"271\" width=\"236\" title=\"top-contract-packaging-services-provider-2023\" onerror=\"this.style.display='none'\" loading='lazy' \/>\n\t\t\t\t<\/a>\n\t\t<h2>\n\t\t\tThe technology that sets us apart\n\t\t<\/h2>\n\t\t\t<p>As industry leaders, we invest in world-class, cutting-edge technology to guarantee superior results. This technological advantage allows us to:<\/p>\t\t\n\t\t\t\t<img decoding=\"async\" src=\"https:\/\/pgenerales.com\/wp-content\/uploads\/2025\/09\/plasticos-generales-empaques-eficientes.png\" alt=\"plasticos-generales-efficient-packaging\" itemprop=\"image\" height=\"421\" width=\"631\" title=\"plasticos-generales-efficient-packaging\" onerror=\"this.style.display='none'\" loading='lazy' \/>\n\t\t<h2>\n\t\t\tCreate more efficient packaging\n\t\t<\/h2>\n\t\t\t<p>We use co-extrusion technology, an advanced process that allows us to manufacture stronger packaging using less material, optimizing your costs and product performance.<\/p>\t\t\n\t\t<h2>\n\t\t\tAchieving high-definition printing\n\t\t<\/h2>\n\t\t\t<p>We use state-of-the-art European Gearless machinery to achieve exceptional print quality and resolution, ensuring that your brand's design creates maximum visual impact.<\/p>\t\t\n\t\t\t\t<img decoding=\"async\" src=\"https:\/\/pgenerales.com\/wp-content\/uploads\/2025\/09\/plasticos-generales-aliado-en-empaques-1.png\" alt=\"plasticos-generales-strategic-partner\" itemprop=\"image\" height=\"461\" width=\"614\" title=\"plasticos-generales-strategic-partner\" onerror=\"this.style.display='none'\" loading='lazy' \/>\n\t\t<h2>\n\t\t\tSee what our experience can do for you\n\t\t<\/h2>\n\t\t\t<p>40 years of history have taught us that every client has a unique challenge. Let us show you how our combination of experience, technology, and personalized service can elevate your project to the next level.<\/p>","protected":false},"excerpt":{"rendered":"<p>Pl\u00e1sticos Generales 40 a\u00f1os de innovaci\u00f3n y calidad en soluciones pl\u00e1sticas 40 a\u00f1os de innovaci\u00f3n y calidad en empaques Desde [&hellip;]<\/p>","protected":false},"author":3,"featured_media":0,"parent":0,"menu_order":0,"comment_status":"closed","ping_status":"closed","template":"","meta":{"site-sidebar-layout":"default","site-content-layout":"","ast-site-content-layout":"default","site-content-style":"default","site-sidebar-style":"default","ast-global-header-display":"","ast-banner-title-visibility":"","ast-main-header-display":"","ast-hfb-above-header-display":"","ast-hfb-below-header-display":"","ast-hfb-mobile-header-display":"","site-post-title":"","ast-breadcrumbs-content":"","ast-featured-img":"","footer-sml-layout":"","theme-transparent-header-meta":"","adv-header-id-meta":"","stick-header-meta":"","header-above-stick-meta":"","header-main-stick-meta":"","header-below-stick-meta":"","astra-migrate-meta-layouts":"default","ast-page-background-enabled":"default","ast-page-background-meta":{"desktop":{"background-color":"var(--ast-global-color-4)","background-image":"","background-repeat":"repeat","background-position":"center center","background-size":"auto","background-attachment":"scroll","background-type":"","background-media":"","overlay-type":"","overlay-color":"","overlay-opacity":"","overlay-gradient":""},"tablet":{"background-color":"","background-image":"","background-repeat":"repeat","background-position":"center center","background-size":"auto","background-attachment":"scroll","background-type":"","background-media":"","overlay-type":"","overlay-color":"","overlay-opacity":"","overlay-gradient":""},"mobile":{"background-color":"","background-image":"","background-repeat":"repeat","background-position":"center center","background-size":"auto","background-attachment":"scroll","background-type":"","background-media":"","overlay-type":"","overlay-color":"","overlay-opacity":"","overlay-gradient":""}},"ast-content-background-meta":{"desktop":{"background-color":"var(--ast-global-color-5)","background-image":"","background-repeat":"repeat","background-position":"center center","background-size":"auto","background-attachment":"scroll","background-type":"","background-media":"","overlay-type":"","overlay-color":"","overlay-opacity":"","overlay-gradient":""},"tablet":{"background-color":"var(--ast-global-color-5)","background-image":"","background-repeat":"repeat","background-position":"center center","background-size":"auto","background-attachment":"scroll","background-type":"","background-media":"","overlay-type":"","overlay-color":"","overlay-opacity":"","overlay-gradient":""},"mobile":{"background-color":"var(--ast-global-color-5)","background-image":"","background-repeat":"repeat","background-position":"center center","background-size":"auto","background-attachment":"scroll","background-type":"","background-media":"","overlay-type":"","overlay-color":"","overlay-opacity":"","overlay-gradient":""}},"iawp_total_views":654,"_joinchat":[],"footnotes":""},"class_list":["post-440","page","type-page","status-publish","hentry"],"yoast_head":"<!-- This site is optimized with the Yoast SEO plugin v25.6 - https:\/\/yoast.com\/wordpress\/plugins\/seo\/ -->\n<title>Nosotros - Pl\u00e1sticos Generales<\/title>\n<meta name=\"description\" content=\"Conozca la historia de Pl\u00e1sticos Generales, una empresa familiar con 40 a\u00f1os de experiencia fabricando empaques de alta calidad en Panam\u00e1.\" \/>\n<meta name=\"robots\" content=\"index, follow, max-snippet:-1, max-image-preview:large, max-video-preview:-1\" \/>\n<link rel=\"canonical\" href=\"https:\/\/pgenerales.com\/en\/about-us\/\" \/>\n<meta property=\"og:locale\" content=\"en_US\" \/>\n<meta property=\"og:type\" content=\"article\" \/>\n<meta property=\"og:title\" content=\"Nosotros - Pl\u00e1sticos Generales\" \/>\n<meta property=\"og:description\" content=\"Conozca la historia de Pl\u00e1sticos Generales, una empresa familiar con 40 a\u00f1os de experiencia fabricando empaques de alta calidad en Panam\u00e1.\" \/>\n<meta property=\"og:url\" content=\"https:\/\/pgenerales.com\/en\/about-us\/\" \/>\n<meta property=\"og:site_name\" content=\"Pl\u00e1sticos Generales\" \/>\n<meta property=\"article:modified_time\" content=\"2025-09-25T22:24:20+00:00\" \/>\n<meta property=\"og:image\" content=\"https:\/\/pgenerales.com\/wp-content\/uploads\/2025\/09\/plasticos-generales-nosotros.webp\" \/>\n<meta name=\"twitter:card\" content=\"summary_large_image\" \/>\n<meta name=\"twitter:label1\" content=\"Est. reading time\" \/>\n\t<meta name=\"twitter:data1\" content=\"3 minutes\" \/>\n<script type=\"application\/ld+json\" class=\"yoast-schema-graph\">{\"@context\":\"https:\/\/schema.org\",\"@graph\":[{\"@type\":\"WebPage\",\"@id\":\"https:\/\/pgenerales.com\/nosotros\/\",\"url\":\"https:\/\/pgenerales.com\/nosotros\/\",\"name\":\"Nosotros - Pl\u00e1sticos Generales\",\"isPartOf\":{\"@id\":\"https:\/\/pgenerales.com\/#website\"},\"primaryImageOfPage\":{\"@id\":\"https:\/\/pgenerales.com\/nosotros\/#primaryimage\"},\"image\":{\"@id\":\"https:\/\/pgenerales.com\/nosotros\/#primaryimage\"},\"thumbnailUrl\":\"https:\/\/pgenerales.com\/wp-content\/uploads\/2025\/09\/plasticos-generales-nosotros.webp\",\"datePublished\":\"2025-09-24T20:44:05+00:00\",\"dateModified\":\"2025-09-25T22:24:20+00:00\",\"description\":\"Conozca la historia de Pl\u00e1sticos Generales, una empresa familiar con 40 a\u00f1os de experiencia fabricando empaques de alta calidad en Panam\u00e1.\",\"breadcrumb\":{\"@id\":\"https:\/\/pgenerales.com\/nosotros\/#breadcrumb\"},\"inLanguage\":\"en-US\",\"potentialAction\":[{\"@type\":\"ReadAction\",\"target\":[\"https:\/\/pgenerales.com\/nosotros\/\"]}]},{\"@type\":\"ImageObject\",\"inLanguage\":\"en-US\",\"@id\":\"https:\/\/pgenerales.com\/nosotros\/#primaryimage\",\"url\":\"https:\/\/pgenerales.com\/wp-content\/uploads\/2025\/09\/plasticos-generales-nosotros.webp\",\"contentUrl\":\"https:\/\/pgenerales.com\/wp-content\/uploads\/2025\/09\/plasticos-generales-nosotros.webp\"},{\"@type\":\"BreadcrumbList\",\"@id\":\"https:\/\/pgenerales.com\/nosotros\/#breadcrumb\",\"itemListElement\":[{\"@type\":\"ListItem\",\"position\":1,\"name\":\"Portada\",\"item\":\"https:\/\/pgenerales.com\/\"},{\"@type\":\"ListItem\",\"position\":2,\"name\":\"Nosotros\"}]},{\"@type\":\"WebSite\",\"@id\":\"https:\/\/pgenerales.com\/#website\",\"url\":\"https:\/\/pgenerales.com\/\",\"name\":\"Pl\u00e1sticos Generales\",\"description\":\"Industria pl\u00e1stica dedicada a la producci\u00f3n y distribuci\u00f3n de empaques flexibles de polietileno con m\u00e1s de 30 a\u00f1os de trayectoria en el mercado Paname\u00f1o.\",\"publisher\":{\"@id\":\"https:\/\/pgenerales.com\/#organization\"},\"potentialAction\":[{\"@type\":\"SearchAction\",\"target\":{\"@type\":\"EntryPoint\",\"urlTemplate\":\"https:\/\/pgenerales.com\/?s={search_term_string}\"},\"query-input\":{\"@type\":\"PropertyValueSpecification\",\"valueRequired\":true,\"valueName\":\"search_term_string\"}}],\"inLanguage\":\"en-US\"},{\"@type\":\"Organization\",\"@id\":\"https:\/\/pgenerales.com\/#organization\",\"name\":\"Pl\u00e1sticos Generales\",\"url\":\"https:\/\/pgenerales.com\/\",\"logo\":{\"@type\":\"ImageObject\",\"inLanguage\":\"en-US\",\"@id\":\"https:\/\/pgenerales.com\/#\/schema\/logo\/image\/\",\"url\":\"https:\/\/pgenerales.com\/wp-content\/uploads\/2024\/06\/plasticos-generales-logo.png\",\"contentUrl\":\"https:\/\/pgenerales.com\/wp-content\/uploads\/2024\/06\/plasticos-generales-logo.png\",\"width\":1200,\"height\":626,\"caption\":\"Pl\u00e1sticos Generales\"},\"image\":{\"@id\":\"https:\/\/pgenerales.com\/#\/schema\/logo\/image\/\"},\"sameAs\":[\"https:\/\/www.instagram.com\/plasticosgenerales\"]}]}<\/script>\n<!-- \/ Yoast SEO plugin. -->","yoast_head_json":{"title":"About Us - Plasticos Generales","description":"Conozca la historia de Pl\u00e1sticos Generales, una empresa familiar con 40 a\u00f1os de experiencia fabricando empaques de alta calidad en Panam\u00e1.","robots":{"index":"index","follow":"follow","max-snippet":"max-snippet:-1","max-image-preview":"max-image-preview:large","max-video-preview":"max-video-preview:-1"},"canonical":"https:\/\/pgenerales.com\/en\/about-us\/","og_locale":"en_US","og_type":"article","og_title":"Nosotros - Pl\u00e1sticos Generales","og_description":"Conozca la historia de Pl\u00e1sticos Generales, una empresa familiar con 40 a\u00f1os de experiencia fabricando empaques de alta calidad en Panam\u00e1.","og_url":"https:\/\/pgenerales.com\/en\/about-us\/","og_site_name":"Pl\u00e1sticos Generales","article_modified_time":"2025-09-25T22:24:20+00:00","og_image":[{"url":"https:\/\/pgenerales.com\/wp-content\/uploads\/2025\/09\/plasticos-generales-nosotros.webp","type":"","width":"","height":""}],"twitter_card":"summary_large_image","twitter_misc":{"Est. reading time":"3 minutes"},"schema":{"@context":"https:\/\/schema.org","@graph":[{"@type":"WebPage","@id":"https:\/\/pgenerales.com\/nosotros\/","url":"https:\/\/pgenerales.com\/nosotros\/","name":"About Us - Plasticos Generales","isPartOf":{"@id":"https:\/\/pgenerales.com\/#website"},"primaryImageOfPage":{"@id":"https:\/\/pgenerales.com\/nosotros\/#primaryimage"},"image":{"@id":"https:\/\/pgenerales.com\/nosotros\/#primaryimage"},"thumbnailUrl":"https:\/\/pgenerales.com\/wp-content\/uploads\/2025\/09\/plasticos-generales-nosotros.webp","datePublished":"2025-09-24T20:44:05+00:00","dateModified":"2025-09-25T22:24:20+00:00","description":"Conozca la historia de Pl\u00e1sticos Generales, una empresa familiar con 40 a\u00f1os de experiencia fabricando empaques de alta calidad en Panam\u00e1.","breadcrumb":{"@id":"https:\/\/pgenerales.com\/nosotros\/#breadcrumb"},"inLanguage":"en-US","potentialAction":[{"@type":"ReadAction","target":["https:\/\/pgenerales.com\/nosotros\/"]}]},{"@type":"ImageObject","inLanguage":"en-US","@id":"https:\/\/pgenerales.com\/nosotros\/#primaryimage","url":"https:\/\/pgenerales.com\/wp-content\/uploads\/2025\/09\/plasticos-generales-nosotros.webp","contentUrl":"https:\/\/pgenerales.com\/wp-content\/uploads\/2025\/09\/plasticos-generales-nosotros.webp"},{"@type":"BreadcrumbList","@id":"https:\/\/pgenerales.com\/nosotros\/#breadcrumb","itemListElement":[{"@type":"ListItem","position":1,"name":"Portada","item":"https:\/\/pgenerales.com\/"},{"@type":"ListItem","position":2,"name":"Nosotros"}]},{"@type":"WebSite","@id":"https:\/\/pgenerales.com\/#website","url":"https:\/\/pgenerales.com\/","name":"Plasticos Generales","description":"A manufacturer and distributor of flexible polyethylene packaging with more than 30 years of experience in the Panamanian market.","publisher":{"@id":"https:\/\/pgenerales.com\/#organization"},"potentialAction":[{"@type":"SearchAction","target":{"@type":"EntryPoint","urlTemplate":"https:\/\/pgenerales.com\/?s={search_term_string}"},"query-input":{"@type":"PropertyValueSpecification","valueRequired":true,"valueName":"search_term_string"}}],"inLanguage":"en-US"},{"@type":"Organization","@id":"https:\/\/pgenerales.com\/#organization","name":"Plasticos Generales","url":"https:\/\/pgenerales.com\/","logo":{"@type":"ImageObject","inLanguage":"en-US","@id":"https:\/\/pgenerales.com\/#\/schema\/logo\/image\/","url":"https:\/\/pgenerales.com\/wp-content\/uploads\/2024\/06\/plasticos-generales-logo.png","contentUrl":"https:\/\/pgenerales.com\/wp-content\/uploads\/2024\/06\/plasticos-generales-logo.png","width":1200,"height":626,"caption":"Pl\u00e1sticos Generales"},"image":{"@id":"https:\/\/pgenerales.com\/#\/schema\/logo\/image\/"},"sameAs":["https:\/\/www.instagram.com\/plasticosgenerales"]}]}},"_links":{"self":[{"href":"https:\/\/pgenerales.com\/en\/wp-json\/wp\/v2\/pages\/440","targetHints":{"allow":["GET"]}}],"collection":[{"href":"https:\/\/pgenerales.com\/en\/wp-json\/wp\/v2\/pages"}],"about":[{"href":"https:\/\/pgenerales.com\/en\/wp-json\/wp\/v2\/types\/page"}],"author":[{"embeddable":true,"href":"https:\/\/pgenerales.com\/en\/wp-json\/wp\/v2\/users\/3"}],"replies":[{"embeddable":true,"href":"https:\/\/pgenerales.com\/en\/wp-json\/wp\/v2\/comments?post=440"}],"version-history":[{"count":0,"href":"https:\/\/pgenerales.com\/en\/wp-json\/wp\/v2\/pages\/440\/revisions"}],"wp:attachment":[{"href":"https:\/\/pgenerales.com\/en\/wp-json\/wp\/v2\/media?parent=440"}],"curies":[{"name":"wp","href":"https:\/\/api.w.org\/{rel}","templated":true}]}}