{"id":371,"date":"2025-08-28T12:12:47","date_gmt":"2025-08-28T17:12:47","guid":{"rendered":"https:\/\/pgenerales.com\/?page_id=371"},"modified":"2025-09-08T15:16:01","modified_gmt":"2025-09-08T20:16:01","slug":"products","status":"publish","type":"page","link":"https:\/\/pgenerales.com\/en\/products\/","title":{"rendered":"Products"},"content":{"rendered":"<h1>\n\t\tSoluciones de Empaques\n\t\tpersonalizados\n\t\t\t\t<\/h1>\t\n\t<p>We develop tailor-made packaging solutions that protect your product, optimize your operations, and elevate your brand.<\/p>\n\t\t\t<a href=\"https:\/\/pgenerales.com\/en\/contact-us\/\" title=\"Haz clic aqu\u00ed\" target=\"_self\"   role=\"button\" aria-label=\"Contact Us\">\n\t\t\t\t\t\t\tContact Us\n\t\t<\/a>\n\t<p>At Plasticos Generales, we are more than a manufacturer; we are your partners in creating packaging solutions. We specialize in developing custom packaging that combines innovative design, superior functionality, and high-quality materials to meet the unique challenges of your business.<\/p>\n<p>Thanks to processes like co-extrusion, our products (from food packaging to industrial bags) stand out not only for their superior strength, but also for their premium finishes that elevate your brand\u2019s image.<\/p>\n<h2  data-animation-delay=\"0\" data-animation-duration=\"1\">\n\t\t\tOur Packaging Catalog\t<\/h2>\n\t\t\t\t<img decoding=\"async\" src=\"https:\/\/pgenerales.com\/wp-content\/uploads\/2025\/08\/plasticos-generales-catalogo-empaques-industriales.png\" alt=\"plasticos-generales-catalog-industrial-packaging\" itemprop=\"image\" height=\"400\" width=\"399\" title=\"plasticos-generales-catalog-industrial-packaging\" onerror=\"this.style.display='none'\" loading='lazy' \/>\n<h3>\n\t\t\tIndustrial Packaging\t<\/h3>\n\t\t\t\t<img decoding=\"async\" src=\"https:\/\/pgenerales.com\/wp-content\/uploads\/2025\/08\/plasticos-generales-catalogo-empaques-para-alimentos.png\" alt=\"plasticos-generales-catalog-food-packaging\" itemprop=\"image\" height=\"400\" width=\"400\" title=\"plasticos-generales-catalog-food-packaging\" onerror=\"this.style.display='none'\" loading='lazy' \/>\n<h3>\n\t\t\tFood Packaging\t<\/h3>\n\t\t\t\t<img decoding=\"async\" src=\"https:\/\/pgenerales.com\/wp-content\/uploads\/2025\/08\/plasticos-generales-catalogo-bolsas-para-basura.png\" alt=\"plasticos-generales-catalog-trash-bags\" itemprop=\"image\" height=\"400\" width=\"401\" title=\"plasticos-generales-catalog-trash-bags\" onerror=\"this.style.display='none'\" loading='lazy' \/>\n<h3>\n\t\t\tTrash Bags\t<\/h3>\n\t\t\t\t<img decoding=\"async\" src=\"https:\/\/pgenerales.com\/wp-content\/uploads\/2025\/08\/plasticos-generales-catalogo-bolsas-estilo-wicket.png\" alt=\"plasticos-generales-catalog-wicket-style-packaging\" itemprop=\"image\" height=\"400\" width=\"399\" title=\"plasticos-generales-catalog-wicket-style-packaging\" onerror=\"this.style.display='none'\" loading='lazy' \/>\n<h3>\n\t\t\tWicket-Style Bags\t<\/h3>\n\t\t\t\t<img decoding=\"async\" src=\"https:\/\/pgenerales.com\/wp-content\/uploads\/2025\/08\/plasticos-generales-catalogo-empaques-multiuso.png\" alt=\"plasticos-generales-catalog-multipurpose-packaging\" itemprop=\"image\" height=\"400\" width=\"400\" title=\"plasticos-generales-catalog-multipurpose-packaging\" onerror=\"this.style.display='none'\" loading='lazy' \/>\n<h3>\n\t\t\tMulti-Purpose Packaging\t<\/h3>\n\t\t\t\t<img decoding=\"async\" src=\"https:\/\/pgenerales.com\/wp-content\/uploads\/2025\/08\/plasticos-generales-catalogo-empaques-biodegradables.png\" alt=\"plasticos-generales-catalog-biodegradable-packaging\" itemprop=\"image\" height=\"400\" width=\"401\" title=\"plasticos-generales-catalog-biodegradable-packaging\" onerror=\"this.style.display='none'\" loading='lazy' \/>\n<h3>\n\t\t\tBiodegradable Packaging\t<\/h3>\n\t\t<nav>\n\t\t\t<ul>\n\t\t\t\t\t\t\t\t<li data-index=\"0\" tabindex=\"0\">\n\t\t\t\t\t<h5>\n\t\t\t\t\t\t<a href=\"javascript:void(0);\" tabindex=\"-1\">Solutions\n\t\t\t\t\t\t\t\t\t\t\t\t<\/a>\n\t\t\t\t\t<\/h5>\n\t\t\t\t<\/li>\n\t\t\t\t\t\t\t\t<li data-index=\"1\" tabindex=\"0\">\n\t\t\t\t\t<h5>\n\t\t\t\t\t\t<a href=\"javascript:void(0);\" tabindex=\"-1\">Retail\n\t\t\t\t\t\t\t\t\t\t\t\t<\/a>\n\t\t\t\t\t<\/h5>\n\t\t\t\t<\/li>\n\t\t\t\t\t\t\t\t<li data-index=\"2\" tabindex=\"0\">\n\t\t\t\t\t<h5>\n\t\t\t\t\t\t<a href=\"javascript:void(0);\" tabindex=\"-1\">Food Contact\n\t\t\t\t\t\t\t\t\t\t\t\t<\/a>\n\t\t\t\t\t<\/h5>\n\t\t\t\t<\/li>\n\t\t\t\t\t\t\t\t<li data-index=\"3\" tabindex=\"0\">\n\t\t\t\t\t<h5>\n\t\t\t\t\t\t<a href=\"javascript:void(0);\" tabindex=\"-1\">Medical\n\t\t\t\t\t\t\t\t\t\t\t\t<\/a>\n\t\t\t\t\t<\/h5>\n\t\t\t\t<\/li>\n\t\t\t\t\t\t\t\t<li data-index=\"4\" tabindex=\"0\">\n\t\t\t\t\t<h5>\n\t\t\t\t\t\t<a href=\"javascript:void(0);\" tabindex=\"-1\">Industry\n\t\t\t\t\t\t\t\t\t\t\t\t<\/a>\n\t\t\t\t\t<\/h5>\n\t\t\t\t<\/li>\n\t\t\t\t\t\t\t<\/ul>\n\t\t<\/nav>\n\t\t\t\t\t<h5>\n\t\t\t\t\t\t\t\t\t\t\t\tSolutions\n\t\t\t\t\t\t\t\t\t\t\t<\/h5>\n\t\t\t\t\t<h2>Packaging Solutions for Every Industry<\/h2>\n<p>We understand that each industry has unique needs. That's why we\u2019ve developed lines of custom packaging and specific solutions to ensure optimal performance in every application.<\/p>\n\t\t\t\t\t<h5>\n\t\t\t\t\t\t\t\t\t\t\t\tRetail\n\t\t\t\t\t\t\t\t\t\t\t<\/h5>\n\t\t\t\t\t<h2>Packaging Retail<\/h2>\n<p>We create retail bags and e-commerce packaging that are not only durable, but also serve as a powerful marketing tool. Enhance your customers' shopping experience with custom packaging that reflects the quality of your brand.<\/p>\n\t\t\t\t\t<h5>\n\t\t\t\t\t\t\t\t\t\t\t\tFood Contact\n\t\t\t\t\t\t\t\t\t\t\t<\/h5>\n\t\t\t\t\t<h2>Packaging for Food and HORECA<\/h2>\n<p>Safety and freshness are our priority. We offer food bags and packaging made with food-grade materials, ideal for bakeries, restaurants, and catering services that require safe, attractive, and functional solutions.<\/p>\n\t\t\t\t\t<h5>\n\t\t\t\t\t\t\t\t\t\t\t\tMedical\n\t\t\t\t\t\t\t\t\t\t\t<\/h5>\n\t\t\t\t\t<h2>Packaging for Medical and Hospital Industry<\/h2>\n<p>Precision and compliance are critical. We manufacture bags for biohazardous and hospital waste and other solutions that meet the highest standards of safety and sanitation, ensuring integrity for the pharmaceutical and healthcare sectors.<\/p>\n\t\t\t\t\t<h5>\n\t\t\t\t\t\t\t\t\t\t\t\tIndustry\n\t\t\t\t\t\t\t\t\t\t\t<\/h5>\n\t\t\t\t\t<h2>Packaging for Industry and Construction<\/h2>\n<p>For the most demanding jobs, you need packaging that holds up. We provide heavy-duty industrial sacks and bags designed to protect heavy and bulk materials, ensuring safe handling and transportation.<\/p>\n\t\t\t\t\t<!-- \/content -->\n\t<!-- \/tabs -->\n\t\t<h2>\n\t\t\tEco-Friendly Packaging\n\t\t<\/h2>\n\t\t\t<p>Designed to return to nature, our biodegradable packaging helps reduce the environmental footprint and promote a greener future, in harmony with your sustainable values. Below, we detail the technologies and certifications that support our commitment.<\/p>\t\t\n\t\t\t\t\t\t<img decoding=\"async\" src=\"https:\/\/pgenerales.com\/wp-content\/uploads\/2025\/08\/logo-dow.png\" alt=\"\" data-no-lazy=\"1\" \/>\t\t\t\t\t\n\t\t\t\t\t\t<img decoding=\"async\" src=\"https:\/\/pgenerales.com\/wp-content\/uploads\/2025\/08\/icono-tuv-austria.png\" alt=\"\" data-no-lazy=\"1\" \/>\t\t\t\t\t\n\t\t\t\t\t\t<img decoding=\"async\" src=\"https:\/\/pgenerales.com\/wp-content\/uploads\/2025\/08\/logo-d2w.png\" alt=\"\" data-no-lazy=\"1\" \/>\t\t\t\t\t\n\t\t\t\t\t\t<img decoding=\"async\" src=\"https:\/\/pgenerales.com\/wp-content\/uploads\/2025\/08\/logo-sun-chemical.png\" alt=\"\" data-no-lazy=\"1\" \/>\t\t\t\t\t\n\t\t<h2>\n\t\t\tHave a Packaging Project in Mind?\n\t\t<\/h2>\n\t\t\t<p>Our team of experts is ready to advise you on creating your custom packaging. Contact us today to start a consultation and find the perfect solution for your product and your brand.<\/p>\t\t\n\t\t\t<a href=\"https:\/\/pgenerales.com\/en\/contact-us\/\" title=\"Haz clic aqu\u00ed\" target=\"_self\"   role=\"button\" aria-label=\"Contact Us\">\n\t\t\t\t\t\t\tContact Us\n\t\t<\/a>","protected":false},"excerpt":{"rendered":"<p>Soluciones de Empaques personalizados Desarrollamos empaques a la medida que protegen su producto, optimizan sus operaciones y elevan su marca. [&hellip;]<\/p>","protected":false},"author":3,"featured_media":0,"parent":0,"menu_order":0,"comment_status":"closed","ping_status":"closed","template":"","meta":{"site-sidebar-layout":"default","site-content-layout":"","ast-site-content-layout":"default","site-content-style":"default","site-sidebar-style":"default","ast-global-header-display":"","ast-banner-title-visibility":"","ast-main-header-display":"","ast-hfb-above-header-display":"","ast-hfb-below-header-display":"","ast-hfb-mobile-header-display":"","site-post-title":"","ast-breadcrumbs-content":"","ast-featured-img":"","footer-sml-layout":"","theme-transparent-header-meta":"","adv-header-id-meta":"","stick-header-meta":"","header-above-stick-meta":"","header-main-stick-meta":"","header-below-stick-meta":"","astra-migrate-meta-layouts":"default","ast-page-background-enabled":"default","ast-page-background-meta":{"desktop":{"background-color":"var(--ast-global-color-4)","background-image":"","background-repeat":"repeat","background-position":"center center","background-size":"auto","background-attachment":"scroll","background-type":"","background-media":"","overlay-type":"","overlay-color":"","overlay-opacity":"","overlay-gradient":""},"tablet":{"background-color":"","background-image":"","background-repeat":"repeat","background-position":"center center","background-size":"auto","background-attachment":"scroll","background-type":"","background-media":"","overlay-type":"","overlay-color":"","overlay-opacity":"","overlay-gradient":""},"mobile":{"background-color":"","background-image":"","background-repeat":"repeat","background-position":"center center","background-size":"auto","background-attachment":"scroll","background-type":"","background-media":"","overlay-type":"","overlay-color":"","overlay-opacity":"","overlay-gradient":""}},"ast-content-background-meta":{"desktop":{"background-color":"var(--ast-global-color-5)","background-image":"","background-repeat":"repeat","background-position":"center center","background-size":"auto","background-attachment":"scroll","background-type":"","background-media":"","overlay-type":"","overlay-color":"","overlay-opacity":"","overlay-gradient":""},"tablet":{"background-color":"var(--ast-global-color-5)","background-image":"","background-repeat":"repeat","background-position":"center center","background-size":"auto","background-attachment":"scroll","background-type":"","background-media":"","overlay-type":"","overlay-color":"","overlay-opacity":"","overlay-gradient":""},"mobile":{"background-color":"var(--ast-global-color-5)","background-image":"","background-repeat":"repeat","background-position":"center center","background-size":"auto","background-attachment":"scroll","background-type":"","background-media":"","overlay-type":"","overlay-color":"","overlay-opacity":"","overlay-gradient":""}},"iawp_total_views":2340,"_joinchat":[],"footnotes":""},"class_list":["post-371","page","type-page","status-publish","hentry"],"yoast_head":"<!-- This site is optimized with the Yoast SEO plugin v25.6 - https:\/\/yoast.com\/wordpress\/plugins\/seo\/ -->\n<title>Productos - Pl\u00e1sticos Generales<\/title>\n<meta name=\"description\" content=\"Encuentre empaques personalizados para su industria: retail, alimentos, hospitalario y m\u00e1s. Conozca nuestro cat\u00e1logo de empaques en Panam\u00e1.\" \/>\n<meta name=\"robots\" content=\"index, follow, max-snippet:-1, max-image-preview:large, max-video-preview:-1\" \/>\n<link rel=\"canonical\" href=\"https:\/\/pgenerales.com\/en\/products\/\" \/>\n<meta property=\"og:locale\" content=\"en_US\" \/>\n<meta property=\"og:type\" content=\"article\" \/>\n<meta property=\"og:title\" content=\"Productos - Pl\u00e1sticos Generales\" \/>\n<meta property=\"og:description\" content=\"Encuentre empaques personalizados para su industria: retail, alimentos, hospitalario y m\u00e1s. Conozca nuestro cat\u00e1logo de empaques en Panam\u00e1.\" \/>\n<meta property=\"og:url\" content=\"https:\/\/pgenerales.com\/en\/products\/\" \/>\n<meta property=\"og:site_name\" content=\"Pl\u00e1sticos Generales\" \/>\n<meta property=\"article:modified_time\" content=\"2025-09-08T20:16:01+00:00\" \/>\n<meta property=\"og:image\" content=\"https:\/\/pgenerales.com\/wp-content\/uploads\/2025\/08\/plasticos-generales-catalogo-empaques-industriales.png\" \/>\n<meta name=\"twitter:card\" content=\"summary_large_image\" \/>\n<meta name=\"twitter:label1\" content=\"Est. reading time\" \/>\n\t<meta name=\"twitter:data1\" content=\"4 minutes\" \/>\n<script type=\"application\/ld+json\" class=\"yoast-schema-graph\">{\"@context\":\"https:\/\/schema.org\",\"@graph\":[{\"@type\":\"WebPage\",\"@id\":\"https:\/\/pgenerales.com\/productos\/\",\"url\":\"https:\/\/pgenerales.com\/productos\/\",\"name\":\"Productos - Pl\u00e1sticos Generales\",\"isPartOf\":{\"@id\":\"https:\/\/pgenerales.com\/#website\"},\"primaryImageOfPage\":{\"@id\":\"https:\/\/pgenerales.com\/productos\/#primaryimage\"},\"image\":{\"@id\":\"https:\/\/pgenerales.com\/productos\/#primaryimage\"},\"thumbnailUrl\":\"https:\/\/pgenerales.com\/wp-content\/uploads\/2025\/08\/plasticos-generales-catalogo-empaques-industriales.png\",\"datePublished\":\"2025-08-28T17:12:47+00:00\",\"dateModified\":\"2025-09-08T20:16:01+00:00\",\"description\":\"Encuentre empaques personalizados para su industria: retail, alimentos, hospitalario y m\u00e1s. Conozca nuestro cat\u00e1logo de empaques en Panam\u00e1.\",\"breadcrumb\":{\"@id\":\"https:\/\/pgenerales.com\/productos\/#breadcrumb\"},\"inLanguage\":\"en-US\",\"potentialAction\":[{\"@type\":\"ReadAction\",\"target\":[\"https:\/\/pgenerales.com\/productos\/\"]}]},{\"@type\":\"ImageObject\",\"inLanguage\":\"en-US\",\"@id\":\"https:\/\/pgenerales.com\/productos\/#primaryimage\",\"url\":\"https:\/\/pgenerales.com\/wp-content\/uploads\/2025\/08\/plasticos-generales-catalogo-empaques-industriales.png\",\"contentUrl\":\"https:\/\/pgenerales.com\/wp-content\/uploads\/2025\/08\/plasticos-generales-catalogo-empaques-industriales.png\"},{\"@type\":\"BreadcrumbList\",\"@id\":\"https:\/\/pgenerales.com\/productos\/#breadcrumb\",\"itemListElement\":[{\"@type\":\"ListItem\",\"position\":1,\"name\":\"Portada\",\"item\":\"https:\/\/pgenerales.com\/\"},{\"@type\":\"ListItem\",\"position\":2,\"name\":\"Productos\"}]},{\"@type\":\"WebSite\",\"@id\":\"https:\/\/pgenerales.com\/#website\",\"url\":\"https:\/\/pgenerales.com\/\",\"name\":\"Pl\u00e1sticos Generales\",\"description\":\"Industria pl\u00e1stica dedicada a la producci\u00f3n y distribuci\u00f3n de empaques flexibles de polietileno con m\u00e1s de 30 a\u00f1os de trayectoria en el mercado Paname\u00f1o.\",\"publisher\":{\"@id\":\"https:\/\/pgenerales.com\/#organization\"},\"potentialAction\":[{\"@type\":\"SearchAction\",\"target\":{\"@type\":\"EntryPoint\",\"urlTemplate\":\"https:\/\/pgenerales.com\/?s={search_term_string}\"},\"query-input\":{\"@type\":\"PropertyValueSpecification\",\"valueRequired\":true,\"valueName\":\"search_term_string\"}}],\"inLanguage\":\"en-US\"},{\"@type\":\"Organization\",\"@id\":\"https:\/\/pgenerales.com\/#organization\",\"name\":\"Pl\u00e1sticos Generales\",\"url\":\"https:\/\/pgenerales.com\/\",\"logo\":{\"@type\":\"ImageObject\",\"inLanguage\":\"en-US\",\"@id\":\"https:\/\/pgenerales.com\/#\/schema\/logo\/image\/\",\"url\":\"https:\/\/pgenerales.com\/wp-content\/uploads\/2024\/06\/plasticos-generales-logo.png\",\"contentUrl\":\"https:\/\/pgenerales.com\/wp-content\/uploads\/2024\/06\/plasticos-generales-logo.png\",\"width\":1200,\"height\":626,\"caption\":\"Pl\u00e1sticos Generales\"},\"image\":{\"@id\":\"https:\/\/pgenerales.com\/#\/schema\/logo\/image\/\"},\"sameAs\":[\"https:\/\/www.instagram.com\/plasticosgenerales\"]}]}<\/script>\n<!-- \/ Yoast SEO plugin. -->","yoast_head_json":{"title":"Products - Plasticos Generales","description":"Find custom packaging solutions for your industry: retail, food, healthcare, and more. Explore our packaging catalog in Panama.","robots":{"index":"index","follow":"follow","max-snippet":"max-snippet:-1","max-image-preview":"max-image-preview:large","max-video-preview":"max-video-preview:-1"},"canonical":"https:\/\/pgenerales.com\/en\/products\/","og_locale":"en_US","og_type":"article","og_title":"Productos - Pl\u00e1sticos Generales","og_description":"Encuentre empaques personalizados para su industria: retail, alimentos, hospitalario y m\u00e1s. Conozca nuestro cat\u00e1logo de empaques en Panam\u00e1.","og_url":"https:\/\/pgenerales.com\/en\/products\/","og_site_name":"Pl\u00e1sticos Generales","article_modified_time":"2025-09-08T20:16:01+00:00","og_image":[{"url":"https:\/\/pgenerales.com\/wp-content\/uploads\/2025\/08\/plasticos-generales-catalogo-empaques-industriales.png","type":"","width":"","height":""}],"twitter_card":"summary_large_image","twitter_misc":{"Est. reading time":"4 minutes"},"schema":{"@context":"https:\/\/schema.org","@graph":[{"@type":"WebPage","@id":"https:\/\/pgenerales.com\/productos\/","url":"https:\/\/pgenerales.com\/productos\/","name":"Products - Plasticos Generales","isPartOf":{"@id":"https:\/\/pgenerales.com\/#website"},"primaryImageOfPage":{"@id":"https:\/\/pgenerales.com\/productos\/#primaryimage"},"image":{"@id":"https:\/\/pgenerales.com\/productos\/#primaryimage"},"thumbnailUrl":"https:\/\/pgenerales.com\/wp-content\/uploads\/2025\/08\/plasticos-generales-catalogo-empaques-industriales.png","datePublished":"2025-08-28T17:12:47+00:00","dateModified":"2025-09-08T20:16:01+00:00","description":"Find custom packaging solutions for your industry: retail, food, healthcare, and more. Explore our packaging catalog in Panama.","breadcrumb":{"@id":"https:\/\/pgenerales.com\/productos\/#breadcrumb"},"inLanguage":"en-US","potentialAction":[{"@type":"ReadAction","target":["https:\/\/pgenerales.com\/productos\/"]}]},{"@type":"ImageObject","inLanguage":"en-US","@id":"https:\/\/pgenerales.com\/productos\/#primaryimage","url":"https:\/\/pgenerales.com\/wp-content\/uploads\/2025\/08\/plasticos-generales-catalogo-empaques-industriales.png","contentUrl":"https:\/\/pgenerales.com\/wp-content\/uploads\/2025\/08\/plasticos-generales-catalogo-empaques-industriales.png"},{"@type":"BreadcrumbList","@id":"https:\/\/pgenerales.com\/productos\/#breadcrumb","itemListElement":[{"@type":"ListItem","position":1,"name":"Portada","item":"https:\/\/pgenerales.com\/"},{"@type":"ListItem","position":2,"name":"Productos"}]},{"@type":"WebSite","@id":"https:\/\/pgenerales.com\/#website","url":"https:\/\/pgenerales.com\/","name":"Plasticos Generales","description":"A manufacturer and distributor of flexible polyethylene packaging with more than 30 years of experience in the Panamanian market.","publisher":{"@id":"https:\/\/pgenerales.com\/#organization"},"potentialAction":[{"@type":"SearchAction","target":{"@type":"EntryPoint","urlTemplate":"https:\/\/pgenerales.com\/?s={search_term_string}"},"query-input":{"@type":"PropertyValueSpecification","valueRequired":true,"valueName":"search_term_string"}}],"inLanguage":"en-US"},{"@type":"Organization","@id":"https:\/\/pgenerales.com\/#organization","name":"Plasticos Generales","url":"https:\/\/pgenerales.com\/","logo":{"@type":"ImageObject","inLanguage":"en-US","@id":"https:\/\/pgenerales.com\/#\/schema\/logo\/image\/","url":"https:\/\/pgenerales.com\/wp-content\/uploads\/2024\/06\/plasticos-generales-logo.png","contentUrl":"https:\/\/pgenerales.com\/wp-content\/uploads\/2024\/06\/plasticos-generales-logo.png","width":1200,"height":626,"caption":"Pl\u00e1sticos Generales"},"image":{"@id":"https:\/\/pgenerales.com\/#\/schema\/logo\/image\/"},"sameAs":["https:\/\/www.instagram.com\/plasticosgenerales"]}]}},"_links":{"self":[{"href":"https:\/\/pgenerales.com\/en\/wp-json\/wp\/v2\/pages\/371","targetHints":{"allow":["GET"]}}],"collection":[{"href":"https:\/\/pgenerales.com\/en\/wp-json\/wp\/v2\/pages"}],"about":[{"href":"https:\/\/pgenerales.com\/en\/wp-json\/wp\/v2\/types\/page"}],"author":[{"embeddable":true,"href":"https:\/\/pgenerales.com\/en\/wp-json\/wp\/v2\/users\/3"}],"replies":[{"embeddable":true,"href":"https:\/\/pgenerales.com\/en\/wp-json\/wp\/v2\/comments?post=371"}],"version-history":[{"count":0,"href":"https:\/\/pgenerales.com\/en\/wp-json\/wp\/v2\/pages\/371\/revisions"}],"wp:attachment":[{"href":"https:\/\/pgenerales.com\/en\/wp-json\/wp\/v2\/media?parent=371"}],"curies":[{"name":"wp","href":"https:\/\/api.w.org\/{rel}","templated":true}]}}