{"id":151,"date":"2025-03-17T12:46:59","date_gmt":"2025-03-17T17:46:59","guid":{"rendered":"https:\/\/pgenerales.com\/?page_id=151"},"modified":"2025-04-29T14:11:50","modified_gmt":"2025-04-29T19:11:50","slug":"contact-us","status":"publish","type":"page","link":"https:\/\/pgenerales.com\/en\/contact-us\/","title":{"rendered":"Contact Us"},"content":{"rendered":"<h1>\n\t\tContact Us\n\t<\/h1>\n\t<a href=\"tel:+507233-2238\" target=\"_self\"  aria-label=\"Go to tel:+5072332238\"><\/a>\t\t\n\t\t\t\t<img decoding=\"async\" src=\"https:\/\/pgenerales.com\/wp-content\/uploads\/2025\/03\/PG_Telefono.png\" alt=\"PG_Phone\" title=\"PG_Phone\" itemprop=\"image\"\/>\n\t\t\t<h4>You can call us at<\/h4>\t\t\t\n\t\t\t\t<p>233-2238<\/p>\n\t<a href=\"mailto:ventas@pgenerales.com\" target=\"_self\"  aria-label=\"Go to mailto:ventas@pgenerales.com\"><\/a>\t\t\n\t\t\t\t<img decoding=\"async\" src=\"https:\/\/pgenerales.com\/wp-content\/uploads\/2025\/03\/PG_Correo.png\" alt=\"PG_Email\" title=\"PG_Email\" itemprop=\"image\"\/>\n\t\t\t<h4>You can contact us via email at<\/h4>\t\t\t\n\t\t\t\t<p>ventas@pgenerales.com<\/p>\n\t<a href=\"https:\/\/maps.app.goo.gl\/zEEZt8seM55wiZeH8\" target=\"_self\"  aria-label=\"Go to https:\/\/maps.app.goo.gl\/zEEZt8seM55wiZeH8\"><\/a>\t\t\n\t\t\t\t<img decoding=\"async\" src=\"https:\/\/pgenerales.com\/wp-content\/uploads\/2025\/03\/PG_Ubicacion.png\" alt=\"PG_Address\" title=\"PG_Address\" itemprop=\"image\"\/>\n\t\t\t<h4>Address<\/h4>\t\t\t\n\t\t\t\t<p>Llano Bonito, Juan Diaz<br \/>Calle Las Mareas (at the end)<\/p>\n\t\t\t\t<img decoding=\"async\" src=\"https:\/\/pgenerales.com\/wp-content\/uploads\/2025\/03\/PG_Horario.png\" alt=\"PG_BusinessHours\" title=\"PG_BusinessHours\" itemprop=\"image\"\/>\n\t\t\t<h4>Business Hours:<\/h4>\t\t\t\n\t\t\t\t<p>Mon\u2013Fri: 8:00 AM to 5:00 PM<br \/>Sat: 8:00 AM to 1:00 PM<br \/>Sun: Closed<\/p>\n\t<iframe src=\"https:\/\/www.google.com\/maps\/embed\/v1\/place?q=Pl%C3%A1sticos+Generales+S+A&#038;key=AIzaSyD09zQ9PNDNNy9TadMuzRV_UsPUoWKntt8\" aria-hidden=\"true\"><\/iframe>","protected":false},"excerpt":{"rendered":"<p>Cont\u00e1ctenos Puede llamarnos al 233-2238 Puede contactarnos v\u00eda correo electr\u00f3nico a ventas@pgenerales.com Direcci\u00f3n Llano Bonito, Juan DiazCalle Las Mareas (Al [&hellip;]<\/p>","protected":false},"author":3,"featured_media":0,"parent":0,"menu_order":0,"comment_status":"closed","ping_status":"closed","template":"","meta":{"site-sidebar-layout":"default","site-content-layout":"","ast-site-content-layout":"default","site-content-style":"default","site-sidebar-style":"default","ast-global-header-display":"","ast-banner-title-visibility":"","ast-main-header-display":"","ast-hfb-above-header-display":"","ast-hfb-below-header-display":"","ast-hfb-mobile-header-display":"","site-post-title":"","ast-breadcrumbs-content":"","ast-featured-img":"","footer-sml-layout":"","theme-transparent-header-meta":"","adv-header-id-meta":"","stick-header-meta":"","header-above-stick-meta":"","header-main-stick-meta":"","header-below-stick-meta":"","astra-migrate-meta-layouts":"default","ast-page-background-enabled":"default","ast-page-background-meta":{"desktop":{"background-color":"var(--ast-global-color-4)","background-image":"","background-repeat":"repeat","background-position":"center center","background-size":"auto","background-attachment":"scroll","background-type":"","background-media":"","overlay-type":"","overlay-color":"","overlay-opacity":"","overlay-gradient":""},"tablet":{"background-color":"","background-image":"","background-repeat":"repeat","background-position":"center center","background-size":"auto","background-attachment":"scroll","background-type":"","background-media":"","overlay-type":"","overlay-color":"","overlay-opacity":"","overlay-gradient":""},"mobile":{"background-color":"","background-image":"","background-repeat":"repeat","background-position":"center center","background-size":"auto","background-attachment":"scroll","background-type":"","background-media":"","overlay-type":"","overlay-color":"","overlay-opacity":"","overlay-gradient":""}},"ast-content-background-meta":{"desktop":{"background-color":"var(--ast-global-color-5)","background-image":"","background-repeat":"repeat","background-position":"center center","background-size":"auto","background-attachment":"scroll","background-type":"","background-media":"","overlay-type":"","overlay-color":"","overlay-opacity":"","overlay-gradient":""},"tablet":{"background-color":"var(--ast-global-color-5)","background-image":"","background-repeat":"repeat","background-position":"center center","background-size":"auto","background-attachment":"scroll","background-type":"","background-media":"","overlay-type":"","overlay-color":"","overlay-opacity":"","overlay-gradient":""},"mobile":{"background-color":"var(--ast-global-color-5)","background-image":"","background-repeat":"repeat","background-position":"center center","background-size":"auto","background-attachment":"scroll","background-type":"","background-media":"","overlay-type":"","overlay-color":"","overlay-opacity":"","overlay-gradient":""}},"iawp_total_views":2418,"_joinchat":[],"footnotes":""},"class_list":["post-151","page","type-page","status-publish","hentry"],"yoast_head":"<!-- This site is optimized with the Yoast SEO plugin v25.6 - https:\/\/yoast.com\/wordpress\/plugins\/seo\/ -->\n<title>Contacto - Pl\u00e1sticos Generales<\/title>\n<meta name=\"robots\" content=\"index, follow, max-snippet:-1, max-image-preview:large, max-video-preview:-1\" \/>\n<link rel=\"canonical\" href=\"https:\/\/pgenerales.com\/en\/contact-us\/\" \/>\n<meta property=\"og:locale\" content=\"en_US\" \/>\n<meta property=\"og:type\" content=\"article\" \/>\n<meta property=\"og:title\" content=\"Contacto - Pl\u00e1sticos Generales\" \/>\n<meta property=\"og:description\" content=\"Cont\u00e1ctenos Puede llamarnos al 233-2238 Puede contactarnos v\u00eda correo electr\u00f3nico a ventas@pgenerales.com Direcci\u00f3n Llano Bonito, Juan DiazCalle Las Mareas (Al [&hellip;]\" \/>\n<meta property=\"og:url\" content=\"https:\/\/pgenerales.com\/en\/contact-us\/\" \/>\n<meta property=\"og:site_name\" content=\"Pl\u00e1sticos Generales\" \/>\n<meta property=\"article:modified_time\" content=\"2025-04-29T19:11:50+00:00\" \/>\n<meta property=\"og:image\" content=\"https:\/\/pgenerales.com\/wp-content\/uploads\/2025\/03\/PG_Telefono.png\" \/>\n<meta name=\"twitter:card\" content=\"summary_large_image\" \/>\n<meta name=\"twitter:label1\" content=\"Est. reading time\" \/>\n\t<meta name=\"twitter:data1\" content=\"1 minute\" \/>\n<script type=\"application\/ld+json\" class=\"yoast-schema-graph\">{\"@context\":\"https:\/\/schema.org\",\"@graph\":[{\"@type\":\"WebPage\",\"@id\":\"https:\/\/pgenerales.com\/contacto\/\",\"url\":\"https:\/\/pgenerales.com\/contacto\/\",\"name\":\"Contacto - Pl\u00e1sticos Generales\",\"isPartOf\":{\"@id\":\"https:\/\/pgenerales.com\/#website\"},\"primaryImageOfPage\":{\"@id\":\"https:\/\/pgenerales.com\/contacto\/#primaryimage\"},\"image\":{\"@id\":\"https:\/\/pgenerales.com\/contacto\/#primaryimage\"},\"thumbnailUrl\":\"https:\/\/pgenerales.com\/wp-content\/uploads\/2025\/03\/PG_Telefono.png\",\"datePublished\":\"2025-03-17T17:46:59+00:00\",\"dateModified\":\"2025-04-29T19:11:50+00:00\",\"breadcrumb\":{\"@id\":\"https:\/\/pgenerales.com\/contacto\/#breadcrumb\"},\"inLanguage\":\"en-US\",\"potentialAction\":[{\"@type\":\"ReadAction\",\"target\":[\"https:\/\/pgenerales.com\/contacto\/\"]}]},{\"@type\":\"ImageObject\",\"inLanguage\":\"en-US\",\"@id\":\"https:\/\/pgenerales.com\/contacto\/#primaryimage\",\"url\":\"https:\/\/pgenerales.com\/wp-content\/uploads\/2025\/03\/PG_Telefono.png\",\"contentUrl\":\"https:\/\/pgenerales.com\/wp-content\/uploads\/2025\/03\/PG_Telefono.png\"},{\"@type\":\"BreadcrumbList\",\"@id\":\"https:\/\/pgenerales.com\/contacto\/#breadcrumb\",\"itemListElement\":[{\"@type\":\"ListItem\",\"position\":1,\"name\":\"Portada\",\"item\":\"https:\/\/pgenerales.com\/\"},{\"@type\":\"ListItem\",\"position\":2,\"name\":\"Contacto\"}]},{\"@type\":\"WebSite\",\"@id\":\"https:\/\/pgenerales.com\/#website\",\"url\":\"https:\/\/pgenerales.com\/\",\"name\":\"Pl\u00e1sticos Generales\",\"description\":\"Industria pl\u00e1stica dedicada a la producci\u00f3n y distribuci\u00f3n de empaques flexibles de polietileno con m\u00e1s de 30 a\u00f1os de trayectoria en el mercado Paname\u00f1o.\",\"publisher\":{\"@id\":\"https:\/\/pgenerales.com\/#organization\"},\"potentialAction\":[{\"@type\":\"SearchAction\",\"target\":{\"@type\":\"EntryPoint\",\"urlTemplate\":\"https:\/\/pgenerales.com\/?s={search_term_string}\"},\"query-input\":{\"@type\":\"PropertyValueSpecification\",\"valueRequired\":true,\"valueName\":\"search_term_string\"}}],\"inLanguage\":\"en-US\"},{\"@type\":\"Organization\",\"@id\":\"https:\/\/pgenerales.com\/#organization\",\"name\":\"Pl\u00e1sticos Generales\",\"url\":\"https:\/\/pgenerales.com\/\",\"logo\":{\"@type\":\"ImageObject\",\"inLanguage\":\"en-US\",\"@id\":\"https:\/\/pgenerales.com\/#\/schema\/logo\/image\/\",\"url\":\"https:\/\/pgenerales.com\/wp-content\/uploads\/2024\/06\/plasticos-generales-logo.png\",\"contentUrl\":\"https:\/\/pgenerales.com\/wp-content\/uploads\/2024\/06\/plasticos-generales-logo.png\",\"width\":1200,\"height\":626,\"caption\":\"Pl\u00e1sticos Generales\"},\"image\":{\"@id\":\"https:\/\/pgenerales.com\/#\/schema\/logo\/image\/\"},\"sameAs\":[\"https:\/\/www.instagram.com\/plasticosgenerales\"]}]}<\/script>\n<!-- \/ Yoast SEO plugin. -->","yoast_head_json":{"title":"Contact Us - Plasticos Generales","robots":{"index":"index","follow":"follow","max-snippet":"max-snippet:-1","max-image-preview":"max-image-preview:large","max-video-preview":"max-video-preview:-1"},"canonical":"https:\/\/pgenerales.com\/en\/contact-us\/","og_locale":"en_US","og_type":"article","og_title":"Contacto - Pl\u00e1sticos Generales","og_description":"Cont\u00e1ctenos Puede llamarnos al 233-2238 Puede contactarnos v\u00eda correo electr\u00f3nico a ventas@pgenerales.com Direcci\u00f3n Llano Bonito, Juan DiazCalle Las Mareas (Al [&hellip;]","og_url":"https:\/\/pgenerales.com\/en\/contact-us\/","og_site_name":"Pl\u00e1sticos Generales","article_modified_time":"2025-04-29T19:11:50+00:00","og_image":[{"url":"https:\/\/pgenerales.com\/wp-content\/uploads\/2025\/03\/PG_Telefono.png","type":"","width":"","height":""}],"twitter_card":"summary_large_image","twitter_misc":{"Est. reading time":"1 minute"},"schema":{"@context":"https:\/\/schema.org","@graph":[{"@type":"WebPage","@id":"https:\/\/pgenerales.com\/contacto\/","url":"https:\/\/pgenerales.com\/contacto\/","name":"Contact Us - Plasticos Generales","isPartOf":{"@id":"https:\/\/pgenerales.com\/#website"},"primaryImageOfPage":{"@id":"https:\/\/pgenerales.com\/contacto\/#primaryimage"},"image":{"@id":"https:\/\/pgenerales.com\/contacto\/#primaryimage"},"thumbnailUrl":"https:\/\/pgenerales.com\/wp-content\/uploads\/2025\/03\/PG_Telefono.png","datePublished":"2025-03-17T17:46:59+00:00","dateModified":"2025-04-29T19:11:50+00:00","breadcrumb":{"@id":"https:\/\/pgenerales.com\/contacto\/#breadcrumb"},"inLanguage":"en-US","potentialAction":[{"@type":"ReadAction","target":["https:\/\/pgenerales.com\/contacto\/"]}]},{"@type":"ImageObject","inLanguage":"en-US","@id":"https:\/\/pgenerales.com\/contacto\/#primaryimage","url":"https:\/\/pgenerales.com\/wp-content\/uploads\/2025\/03\/PG_Telefono.png","contentUrl":"https:\/\/pgenerales.com\/wp-content\/uploads\/2025\/03\/PG_Telefono.png"},{"@type":"BreadcrumbList","@id":"https:\/\/pgenerales.com\/contacto\/#breadcrumb","itemListElement":[{"@type":"ListItem","position":1,"name":"Portada","item":"https:\/\/pgenerales.com\/"},{"@type":"ListItem","position":2,"name":"Contacto"}]},{"@type":"WebSite","@id":"https:\/\/pgenerales.com\/#website","url":"https:\/\/pgenerales.com\/","name":"Plasticos Generales","description":"A manufacturer and distributor of flexible polyethylene packaging with more than 30 years of experience in the Panamanian market.","publisher":{"@id":"https:\/\/pgenerales.com\/#organization"},"potentialAction":[{"@type":"SearchAction","target":{"@type":"EntryPoint","urlTemplate":"https:\/\/pgenerales.com\/?s={search_term_string}"},"query-input":{"@type":"PropertyValueSpecification","valueRequired":true,"valueName":"search_term_string"}}],"inLanguage":"en-US"},{"@type":"Organization","@id":"https:\/\/pgenerales.com\/#organization","name":"Plasticos Generales","url":"https:\/\/pgenerales.com\/","logo":{"@type":"ImageObject","inLanguage":"en-US","@id":"https:\/\/pgenerales.com\/#\/schema\/logo\/image\/","url":"https:\/\/pgenerales.com\/wp-content\/uploads\/2024\/06\/plasticos-generales-logo.png","contentUrl":"https:\/\/pgenerales.com\/wp-content\/uploads\/2024\/06\/plasticos-generales-logo.png","width":1200,"height":626,"caption":"Pl\u00e1sticos Generales"},"image":{"@id":"https:\/\/pgenerales.com\/#\/schema\/logo\/image\/"},"sameAs":["https:\/\/www.instagram.com\/plasticosgenerales"]}]}},"_links":{"self":[{"href":"https:\/\/pgenerales.com\/en\/wp-json\/wp\/v2\/pages\/151","targetHints":{"allow":["GET"]}}],"collection":[{"href":"https:\/\/pgenerales.com\/en\/wp-json\/wp\/v2\/pages"}],"about":[{"href":"https:\/\/pgenerales.com\/en\/wp-json\/wp\/v2\/types\/page"}],"author":[{"embeddable":true,"href":"https:\/\/pgenerales.com\/en\/wp-json\/wp\/v2\/users\/3"}],"replies":[{"embeddable":true,"href":"https:\/\/pgenerales.com\/en\/wp-json\/wp\/v2\/comments?post=151"}],"version-history":[{"count":0,"href":"https:\/\/pgenerales.com\/en\/wp-json\/wp\/v2\/pages\/151\/revisions"}],"wp:attachment":[{"href":"https:\/\/pgenerales.com\/en\/wp-json\/wp\/v2\/media?parent=151"}],"curies":[{"name":"wp","href":"https:\/\/api.w.org\/{rel}","templated":true}]}}